{"id":5398,"date":"2019-01-08T16:29:23","date_gmt":"2019-01-08T15:29:23","guid":{"rendered":"https:\/\/www.tafaro.ch\/?page_id=5398"},"modified":"2020-11-04T10:13:00","modified_gmt":"2020-11-04T09:13:00","slug":"homepage","status":"publish","type":"page","link":"https:\/\/www.tafaro.ch\/de\/","title":{"rendered":"Smartphone-, tablet- und computer-reparaturdienstleistungen in Locarno"},"content":{"rendered":"<div class=\"wpb-content-wrapper\"><p>[vc_row full_width=&#8221;stretch_row&#8221;][vc_column][vc_single_image image=&#8221;14339&#8243; img_size=&#8221;full&#8221;][\/vc_column][\/vc_row][vc_row full_width=&#8221;stretch_row&#8221; css=&#8221;.vc_custom_1547546221409{margin-top: -35px !important;padding-top: 50px !important;padding-bottom: 50px !important;background-color: #008be8 !important;background-position: center !important;background-repeat: no-repeat !important;background-size: cover !important;}&#8221; el_class=&#8221;Italian-site&#8221;][vc_column][vc_column_text]<\/p>\n<p style=\"text-align: center;\"><span style=\"font-size: 24pt; color: #ffffff;\">F\u00fcr alle Produkte und Dienstleistungen konsultieren Sie bitte die italienische Version der Website<\/span><\/p>\n<p>[\/vc_column_text][vc_btn title=&#8221;Gehen Sie zur italienischen Version&#8221; color=&#8221;warning&#8221; align=&#8221;center&#8221; link=&#8221;url:https%3A%2F%2Fwww.tafaro.ch|||&#8221;][\/vc_column][\/vc_row][vc_row][vc_column][vc_custom_heading text=&#8221;TAFARO&#8221; font_container=&#8221;tag:h2|font_size:60|text_align:left|color:%23000000&#8243; use_theme_fonts=&#8221;yes&#8221;][vc_custom_heading text=&#8221;SMARTPHONE-, TABLET- UND COMPUTER-REPARATURDIENSTLEISTUNGEN IN LOCARNO&#8221; font_container=&#8221;tag:h1|font_size:25|text_align:left|color:%23ff6060&#8243; use_theme_fonts=&#8221;yes&#8221; css=&#8221;.vc_custom_1546960266304{margin-top: -30px !important;}&#8221;][vc_column_text]<span style=\"font-size: 14pt; color: #000000;\">Tafaro ist seit \u00fcber 18 Jahren auf dem italienischen Schweizer Markt t\u00e4tig und bietet Produkte, Dienstleistungen und Unterst\u00fctzung f\u00fcr Unternehmen, Privatpersonen und Schulen.<\/span><\/p>\n<p><span style=\"font-size: 14pt; color: #000000;\">Dank der Qualit\u00e4t unserer Dienstleistungen und unserer Unterst\u00fctzung, die dem Kunden jederzeit zur Verf\u00fcgung steht, sind wir im Laufe der Jahre zu einem Bezugspunkt f\u00fcr alle geworden, die beim Kauf, der Unterst\u00fctzung, Installation oder Reparatur von Computerger\u00e4ten Hilfe ben\u00f6tigen.<\/span><\/p>\n<p><span style=\"font-size: 14pt; color: #000000;\">In fast zwei Jahrzehnten unserer T\u00e4tigkeit hatten wir die Gelegenheit, nicht nur die Entwicklung der Informationstechnologie und Telekommunikation zu verfolgen, sondern auch den Tessiner Markt. Diese Faktoren erm\u00f6glichen es uns, einen effizienten Reparaturservice f\u00fcr Mobiltelefone, Tablets und Computer sowie eine ganze Reihe von IT- und Nicht-IT-Services anzubieten, die auf den innovativsten Technologien basieren und auf die tats\u00e4chlichen Bed\u00fcrfnisse unserer Kunden zugeschnitten sind. Dieses Know-how, das wir unseren Kunden t\u00e4glich zur Verf\u00fcgung stellen, ist das Ergebnis der Arbeit unserer von Apple zertifizierten Techniker und deren st\u00e4ndiger professioneller Aktualisierung.<\/span><\/p>\n<p><span style=\"font-size: 14pt; color: #000000;\">Ein grundlegender und unverzichtbarer Teil unseres Services besteht darin, die Interessen unserer Kunden an erster Stelle zu haben. immer. Diese von unserer Professionalit\u00e4t diktierte Entscheidung hat es uns erm\u00f6glicht, ein starkes Vertrauensverh\u00e4ltnis zu unseren Kunden aufzubauen, die uns seit Jahren auf uns verlassen und uns auf uns verlassen, was uns heute zu einem festen Bezugspunkt f\u00fcr alle macht, die nicht nach Produkten, Dienstleistungen und Hilfsinformatik suchen nur in Locarno, aber im ganzen Tessin.<\/span><\/p>\n<p><span style=\"font-size: 14pt; color: #000000;\">F\u00fcr den Kauf oder die Reparatur eines Telefons oder Computers, das Eingreifen eines Profis f\u00fcr die Erstellung einer digitalen Telefonzentrale, f\u00fcr demotische L\u00f6sungen oder f\u00fcr eine einfache Hilfe steht Ihnen Tafaro zur Verf\u00fcgung.<\/span><\/p>\n<p><span style=\"font-size: 14pt; color: #000000;\">Kommen Sie zu uns, wir zeigen Ihnen gerne, dass alles, was wir Ihnen gerade gesagt haben, der Wahrheit entspricht.<\/span>[\/vc_column_text][\/vc_column][\/vc_row][vc_row][vc_column width=&#8221;1\/4&#8243;][vc_column_text]<\/p>\n<div class=\"headline\">\n<h3>Kontakte<\/h3>\n<\/div>\n<hr \/>\n<div>\n<ul class=\"list-unstyled who margin-bottom-30\">\n<li><i class=\"icon-home\"><\/i> Via S. Gottardo 16, 6600 Muralto<\/li>\n<li><i class=\"icon-envelope\"><\/i> info@tafaro.ch<\/li>\n<li><i class=\"icon-phone\"><\/i> +41 91 743 02 02<\/li>\n<li><i class=\"icon-globe\"><\/i> https:\/\/www.tafaro.ch<\/li>\n<\/ul>\n<p>M\u00f6chten Sie zur\u00fcckgerufen werden? <a style=\"text-decoration: none;\" href=\"https:\/\/www.tafaro.ch\/en\/servizio-di-richiamata\/\"><strong><span style=\"color: #3366ff;\">KLICK HIER!<\/span><\/strong><\/a><\/div>\n<p>[\/vc_column_text][vc_column_text]<\/p>\n<div class=\"headline\"><\/div>\n<div class=\"headline\">\n<h3>Dienstleistungen<\/h3>\n<\/div>\n<hr \/>\n<ul class=\"list-unstyled margin-bottom-30\">\n<li><strong>Internet<\/strong> Kostenloses WLAN<\/li>\n<li><strong>Dienstleistungen<\/strong> Haustiere erlaubt<\/li>\n<li><strong>Parken<\/strong> \u00d6ffentlicher Parkplatz auf der Stra\u00dfe vor dem Laden<\/li>\n<li><strong>\u00d6ffentlicher Verkehr<\/strong> Linie 1 (wei\u00dfes Kreuz). Der Bahnhof Locarno liegt etwa 3 Gehminuten entfernt.<\/li>\n<\/ul>\n<p>[\/vc_column_text][vc_column_text]<\/p>\n<div class=\"headline\"><\/div>\n<div class=\"headline\">\n<h3>Informationen<\/h3>\n<\/div>\n<hr \/>\n<ul class=\"list-unstyled margin-bottom-30\">\n<li>Die R\u00fccknahme eines Produktes ist nur mit einem Ausweis zul\u00e4ssig<\/li>\n<\/ul>\n<p>[\/vc_column_text][vc_column_text]<\/p>\n<div class=\"headline\">\n<h3><span style=\"color: #3366ff;\">Zahlen Sie mit PayPal<\/span><\/h3>\n<\/div>\n<hr \/>\n<div>\n<p>Sie k\u00f6nnen einen Kauf oder eine Dienstleistung mit PayPal bezahlen.\u00a0<a href=\"https:\/\/www.paypal.me\/TafaroMuralto\" target=\"_blank\" rel=\"noopener\"><span style=\"color: #3366ff;\"><strong>KLICK HIER<\/strong><\/span><\/a>.<\/div>\n<p>[\/vc_column_text][vc_column_text]<\/p>\n<div class=\"headline\"><\/div>\n<div class=\"headline\">\n<h3>Akzeptierte Karten<\/h3>\n<\/div>\n<hr \/>\n<div class=\"headline\"><img decoding=\"async\" class=\"alignnone wp-image-6813 size-full lazyload\" data-src=\"https:\/\/www.tafaro.ch\/wp-content\/uploads\/2019\/01\/payments-2.png\" alt=\"\" width=\"800\" height=\"110\" data-srcset=\"https:\/\/www.tafaro.ch\/wp-content\/uploads\/2019\/01\/payments-2.png 800w, https:\/\/www.tafaro.ch\/wp-content\/uploads\/2019\/01\/payments-2-600x83.png 600w, https:\/\/www.tafaro.ch\/wp-content\/uploads\/2019\/01\/payments-2-300x41.png 300w, https:\/\/www.tafaro.ch\/wp-content\/uploads\/2019\/01\/payments-2-768x106.png 768w\" data-sizes=\"(max-width: 800px) 100vw, 800px\" src=\"data:image\/svg+xml;base64,PHN2ZyB3aWR0aD0iMSIgaGVpZ2h0PSIxIiB4bWxucz0iaHR0cDovL3d3dy53My5vcmcvMjAwMC9zdmciPjwvc3ZnPg==\" style=\"--smush-placeholder-width: 800px; --smush-placeholder-aspect-ratio: 800\/110;\" \/><\/div>\n<p>[\/vc_column_text][\/vc_column][vc_column width=&#8221;3\/4&#8243;][vc_column_text]<div id=\"wpgmza_map\" class=\"wpgmza_map\" data-settings='{\"id\":\"1\",\"map_title\":\"Tafaro Negozio\",\"map_width\":\"100\",\"map_height\":\"680\",\"map_start_lat\":\"46.100784\",\"map_start_lng\":\"8.741920\",\"map_start_location\":\"46.10078435870098,8.741920146484397\",\"map_start_zoom\":\"11\",\"default_marker\":\"0\",\"type\":\"1\",\"alignment\":\"1\",\"directions_enabled\":\"1\",\"styling_enabled\":\"0\",\"styling_json\":\"\",\"active\":\"0\",\"kml\":\"\",\"bicycle\":\"0\",\"traffic\":\"0\",\"dbox\":\"1\",\"dbox_width\":\"100\",\"listmarkers\":\"0\",\"listmarkers_advanced\":\"0\",\"filterbycat\":\"0\",\"ugm_enabled\":\"0\",\"ugm_category_enabled\":\"0\",\"fusion\":\"\",\"map_width_type\":\"\\\\%\",\"map_height_type\":\"px\",\"mass_marker_support\":\"1\",\"ugm_access\":\"0\",\"order_markers_by\":\"1\",\"order_markers_choice\":\"2\",\"show_user_location\":\"0\",\"default_to\":\"\",\"other_settings\":{\"store_locator_enabled\":2,\"store_locator_distance\":2,\"store_locator_default_radius\":\"1\",\"store_locator_not_found_message\":\"No results found in this location. Please try again.\",\"store_locator_bounce\":1,\"store_locator_query_string\":\"CAP \\\/ Indirizzo:\",\"store_locator_default_address\":\"\",\"wpgmza_store_locator_restrict\":\"ch\",\"store_locator_style\":\"legacy\",\"wpgmza_store_locator_radius_style\":\"legacy\",\"map_max_zoom\":\"1\",\"transport_layer\":0,\"wpgmza_theme_data\":\"[ \\\\\\\"visibility\\\\\\\", \\\\\\\"invert_lightness\\\\\\\", \\\\\\\"color\\\\\\\", \\\\\\\"weight\\\\\\\", \\\\\\\"hue\\\\\\\", \\\\\\\"saturation\\\\\\\", \\\\\\\"lightness\\\\\\\", \\\\\\\"gamma\\\\\\\"]\",\"wpgmza_theme_selection\":0,\"wpgmza_show_points_of_interest\":1}}' data-map-id='1' Data-maps-engine='' data-shortcode-attributes='{\"id\":\"1\"}' style=\"display:block; overflow:auto; width:100%; height:680px; float:left;\"><\/div>[\/vc_column_text][vc_row_inner][vc_column_inner][vc_separator][\/vc_column_inner][vc_column_inner][vc_custom_heading text=&#8221;Ben\u00f6tigen Sie unsere Unterst\u00fctzung? Schreib uns!&#8221; font_container=&#8221;tag:h2|font_size:28|text_align:left|color:%23000000&#8243; use_theme_fonts=&#8221;yes&#8221; css_animation=&#8221;none&#8221;][vc_custom_heading text=&#8221;Wir werden Ihnen so schnell wie m\u00f6glich antworten&#8221; font_container=&#8221;tag:p|font_size:22|text_align:left|color:%23a0a0a0|line_height:0&#8243; use_theme_fonts=&#8221;yes&#8221; css_animation=&#8221;none&#8221;][vc_empty_space height=&#8221;30&#8243;]\n<div class=\"wpcf7 no-js\" id=\"wpcf7-f7190-o1\" lang=\"it-IT\" dir=\"ltr\" data-wpcf7-id=\"7190\">\n<div class=\"screen-reader-response\"><p role=\"status\" aria-live=\"polite\" aria-atomic=\"true\"><\/p> <ul><\/ul><\/div>\n<form action=\"\/de\/wp-json\/wp\/v2\/pages\/5398#wpcf7-f7190-o1\" method=\"post\" class=\"wpcf7-form init\" aria-label=\"Modulo di contatto\" novalidate=\"novalidate\" data-status=\"init\">\n<fieldset class=\"hidden-fields-container\"><input type=\"hidden\" name=\"_wpcf7\" value=\"7190\" \/><input type=\"hidden\" name=\"_wpcf7_version\" value=\"6.1\" \/><input type=\"hidden\" name=\"_wpcf7_locale\" value=\"it_IT\" \/><input type=\"hidden\" name=\"_wpcf7_unit_tag\" value=\"wpcf7-f7190-o1\" \/><input type=\"hidden\" name=\"_wpcf7_container_post\" value=\"0\" \/><input type=\"hidden\" name=\"_wpcf7_posted_data_hash\" value=\"\" \/><input type=\"hidden\" name=\"_wpcf7_recaptcha_response\" value=\"\" \/>\n<\/fieldset>\n<p><label style=\"color: #000;\"> Name*<br \/>\n<span class=\"wpcf7-form-control-wrap\" data-name=\"your-name\"><input size=\"40\" maxlength=\"400\" class=\"wpcf7-form-control wpcf7-text wpcf7-validates-as-required\" aria-required=\"true\" aria-invalid=\"false\" value=\"\" type=\"text\" name=\"your-name\" \/><\/span> <\/label><br \/>\n<label style=\"color: #000;\"> Nachname*<br \/>\n<span class=\"wpcf7-form-control-wrap\" data-name=\"your-surname\"><input size=\"40\" maxlength=\"400\" class=\"wpcf7-form-control wpcf7-text wpcf7-validates-as-required\" aria-required=\"true\" aria-invalid=\"false\" value=\"\" type=\"text\" name=\"your-surname\" \/><\/span> <\/label><br \/>\n<label style=\"color: #000;\"> Telefon*<br \/>\n<span class=\"wpcf7-form-control-wrap\" data-name=\"your-phone\"><input size=\"40\" maxlength=\"400\" class=\"wpcf7-form-control wpcf7-tel wpcf7-validates-as-required wpcf7-text wpcf7-validates-as-tel\" aria-required=\"true\" aria-invalid=\"false\" value=\"\" type=\"tel\" name=\"your-phone\" \/><\/span><\/label><br \/>\n<label style=\"color: #000;\"> Email*<br \/>\n<span class=\"wpcf7-form-control-wrap\" data-name=\"your-email\"><input size=\"40\" maxlength=\"400\" class=\"wpcf7-form-control wpcf7-email wpcf7-validates-as-required wpcf7-text wpcf7-validates-as-email\" aria-required=\"true\" aria-invalid=\"false\" value=\"\" type=\"email\" name=\"your-email\" \/><\/span> <\/label><br \/>\n<label style=\"color: #000;\">Deine Nachricht<br \/>\n<span class=\"wpcf7-form-control-wrap\" data-name=\"your-message\"><textarea cols=\"40\" rows=\"10\" maxlength=\"2000\" class=\"wpcf7-form-control wpcf7-textarea\" aria-invalid=\"false\" name=\"your-message\"><\/textarea><\/span> <\/label>\n<\/p>\n<p style=\"margin-top: 10px; margin-bottom: 10px;\"><input class=\"wpcf7-form-control wpcf7-submit has-spinner\" type=\"submit\" value=\"Senden\" \/>\n<\/p>\n<div class=\"wpcf7-response-output\" aria-hidden=\"true\"><\/div>\n<\/form>\n<\/div>\n[\/vc_column_inner][\/vc_row_inner][\/vc_column][\/vc_row][vc_row full_width=&#8221;stretch_row_content_no_spaces&#8221; css=&#8221;.vc_custom_1546943887259{padding-top: 100px !important;}&#8221;][vc_column][vc_separator][\/vc_column][\/vc_row][vc_row full_width=&#8221;stretch_row&#8221; css=&#8221;.vc_custom_1546943895772{margin-top: 50px !important;margin-bottom: 100px !important;background-position: center !important;background-repeat: no-repeat !important;background-size: cover !important;}&#8221;][vc_column][schon_title title=&#8221;UNSERE MARKEN&#8221;][vc_row_inner][vc_column_inner width=&#8221;1\/6&#8243;][vc_single_image image=&#8221;7020&#8243; img_size=&#8221;full&#8221; alignment=&#8221;center&#8221;][\/vc_column_inner][vc_column_inner width=&#8221;1\/6&#8243;][vc_single_image image=&#8221;7128&#8243; img_size=&#8221;full&#8221; alignment=&#8221;center&#8221;][\/vc_column_inner][vc_column_inner width=&#8221;1\/6&#8243;][vc_single_image image=&#8221;7132&#8243; img_size=&#8221;full&#8221; alignment=&#8221;center&#8221;][\/vc_column_inner][vc_column_inner width=&#8221;1\/6&#8243;][vc_single_image image=&#8221;7136&#8243; img_size=&#8221;full&#8221; alignment=&#8221;center&#8221;][\/vc_column_inner][vc_column_inner width=&#8221;1\/6&#8243;][vc_single_image image=&#8221;7140&#8243; img_size=&#8221;full&#8221; alignment=&#8221;center&#8221;][\/vc_column_inner][vc_column_inner width=&#8221;1\/6&#8243;][vc_single_image image=&#8221;7144&#8243; img_size=&#8221;full&#8221; alignment=&#8221;center&#8221;][\/vc_column_inner][\/vc_row_inner][\/vc_column][\/vc_row]<\/p>\n<\/div>","protected":false},"excerpt":{"rendered":"<p>[vc_row full_width=&#8221;stretch_row&#8221;][vc_column][vc_single_image image=&#8221;14339&#8243; img_size=&#8221;full&#8221;][\/vc_column][\/vc_row][vc_row full_width=&#8221;stretch_row&#8221; css=&#8221;.vc_custom_1547546221409{margin-top: -35px !important;padding-top: 50px !important;padding-bottom: 50px !important;background-color: #008be8 !important;background-position: center !important;background-repeat: no-repeat !important;background-size: cover !important;}&#8221; el_class=&#8221;Italian-site&#8221;][vc_column][vc_column_text] F\u00fcr alle Produkte und Dienstleistungen konsultieren Sie bitte die italienische Version der Website [\/vc_column_text][vc_btn title=&#8221;Gehen Sie zur italienischen Version&#8221; color=&#8221;warning&#8221; align=&#8221;center&#8221; link=&#8221;url:https%3A%2F%2Fwww.tafaro.ch|||&#8221;][\/vc_column][\/vc_row][vc_row][vc_column][vc_custom_heading text=&#8221;TAFARO&#8221; font_container=&#8221;tag:h2|font_size:60|text_align:left|color:%23000000&#8243; use_theme_fonts=&#8221;yes&#8221;][vc_custom_heading text=&#8221;SMARTPHONE-, TABLET- UND COMPUTER-REPARATURDIENSTLEISTUNGEN IN LOCARNO&#8221; font_container=&#8221;tag:h1|font_size:25|text_align:left|color:%23ff6060&#8243; use_theme_fonts=&#8221;yes&#8221; css=&#8221;.vc_custom_1546960266304{margin-top: [&hellip;]<\/p>\n","protected":false},"author":12,"featured_media":0,"parent":0,"menu_order":0,"comment_status":"closed","ping_status":"closed","template":"","meta":{"_joinchat":[],"footnotes":""},"class_list":["post-5398","page","type-page","status-publish","hentry"],"_links":{"self":[{"href":"https:\/\/www.tafaro.ch\/de\/wp-json\/wp\/v2\/pages\/5398","targetHints":{"allow":["GET"]}}],"collection":[{"href":"https:\/\/www.tafaro.ch\/de\/wp-json\/wp\/v2\/pages"}],"about":[{"href":"https:\/\/www.tafaro.ch\/de\/wp-json\/wp\/v2\/types\/page"}],"author":[{"embeddable":true,"href":"https:\/\/www.tafaro.ch\/de\/wp-json\/wp\/v2\/users\/12"}],"replies":[{"embeddable":true,"href":"https:\/\/www.tafaro.ch\/de\/wp-json\/wp\/v2\/comments?post=5398"}],"version-history":[{"count":5,"href":"https:\/\/www.tafaro.ch\/de\/wp-json\/wp\/v2\/pages\/5398\/revisions"}],"predecessor-version":[{"id":17408,"href":"https:\/\/www.tafaro.ch\/de\/wp-json\/wp\/v2\/pages\/5398\/revisions\/17408"}],"wp:attachment":[{"href":"https:\/\/www.tafaro.ch\/de\/wp-json\/wp\/v2\/media?parent=5398"}],"curies":[{"name":"wp","href":"https:\/\/api.w.org\/{rel}","templated":true}]}}