{"id":6699,"date":"2019-01-02T18:03:00","date_gmt":"2019-01-02T17:03:00","guid":{"rendered":"https:\/\/www.tafaro.ch\/registrierung-einer-neuen-smartphone-tablet-ipod-reparatur\/"},"modified":"2019-01-02T18:08:19","modified_gmt":"2019-01-02T17:08:19","slug":"registrierung-einer-neuen-smartphone-tablet-ipod-reparatur","status":"publish","type":"page","link":"https:\/\/www.tafaro.ch\/de\/registrierung-einer-neuen-smartphone-tablet-ipod-reparatur\/","title":{"rendered":"Registrierung einer neuen Smartphone \/ Tablet \/ iPod-Reparatur"},"content":{"rendered":"<div class=\"wpb-content-wrapper\"><p>[vc_row][vc_column][vc_tta_tabs][vc_tta_section i_icon_fontawesome=&#8221;fa fa-wrench&#8221; add_icon=&#8221;true&#8221; title=&#8221;Neue Reparatur&#8221; tab_id=&#8221;1523865360059-53d6c279-fae3&#8243;][vc_column_text]<\/p>\n<p style=\"text-align: left;\">\n<div class=\"wpml-ls-statics-footer wpml-ls wpml-ls-legacy-list-horizontal\">\n\t<ul><li class=\"wpml-ls-slot-footer wpml-ls-item wpml-ls-item-it wpml-ls-first-item wpml-ls-item-legacy-list-horizontal\">\n\t\t\t\t<a href=\"https:\/\/www.tafaro.ch\/\" class=\"wpml-ls-link\">\n                                                        <img decoding=\"async\"\n            class=\"wpml-ls-flag lazyload\"\n            data-src=\"https:\/\/www.tafaro.ch\/wp-content\/plugins\/sitepress-multilingual-cms\/res\/flags\/it.png\"\n            alt=\"\"\n            width=18\n            height=12\n src=\"data:image\/svg+xml;base64,PHN2ZyB3aWR0aD0iMSIgaGVpZ2h0PSIxIiB4bWxucz0iaHR0cDovL3d3dy53My5vcmcvMjAwMC9zdmciPjwvc3ZnPg==\" \/><span class=\"wpml-ls-native\" lang=\"it\">IT<\/span><\/a>\n\t\t\t<\/li><li class=\"wpml-ls-slot-footer wpml-ls-item wpml-ls-item-de wpml-ls-current-language wpml-ls-last-item wpml-ls-item-legacy-list-horizontal\">\n\t\t\t\t<a href=\"https:\/\/www.tafaro.ch\/de\/\" class=\"wpml-ls-link\">\n                                                        <img decoding=\"async\"\n            class=\"wpml-ls-flag lazyload\"\n            data-src=\"https:\/\/www.tafaro.ch\/wp-content\/plugins\/sitepress-multilingual-cms\/res\/flags\/de.png\"\n            alt=\"\"\n            width=18\n            height=12\n src=\"data:image\/svg+xml;base64,PHN2ZyB3aWR0aD0iMSIgaGVpZ2h0PSIxIiB4bWxucz0iaHR0cDovL3d3dy53My5vcmcvMjAwMC9zdmciPjwvc3ZnPg==\" \/><span class=\"wpml-ls-native\">DE<\/span><\/a>\n\t\t\t<\/li><\/ul>\n<\/div>\n<p>[\/vc_column_text]\n<div class=\"wpcf7 no-js\" id=\"wpcf7-f6695-o1\" lang=\"it-IT\" dir=\"ltr\" data-wpcf7-id=\"6695\">\n<div class=\"screen-reader-response\"><p role=\"status\" aria-live=\"polite\" aria-atomic=\"true\"><\/p> <ul><\/ul><\/div>\n<form action=\"\/de\/wp-json\/wp\/v2\/pages\/6699#wpcf7-f6695-o1\" method=\"post\" class=\"wpcf7-form init\" aria-label=\"Modulo di contatto\" novalidate=\"novalidate\" data-status=\"init\">\n<fieldset class=\"hidden-fields-container\"><input type=\"hidden\" name=\"_wpcf7\" value=\"6695\" \/><input type=\"hidden\" name=\"_wpcf7_version\" value=\"6.1\" \/><input type=\"hidden\" name=\"_wpcf7_locale\" value=\"it_IT\" \/><input type=\"hidden\" name=\"_wpcf7_unit_tag\" value=\"wpcf7-f6695-o1\" \/><input type=\"hidden\" name=\"_wpcf7_container_post\" value=\"0\" \/><input type=\"hidden\" name=\"_wpcf7_posted_data_hash\" value=\"\" \/><input type=\"hidden\" name=\"_wpcf7_recaptcha_response\" value=\"\" \/>\n<\/fieldset>\n<p><label style=\"color: #000;\"> Name*<br \/>\n<span class=\"wpcf7-form-control-wrap\" data-name=\"your-name\"><input size=\"40\" maxlength=\"400\" class=\"wpcf7-form-control wpcf7-text wpcf7-validates-as-required\" aria-required=\"true\" aria-invalid=\"false\" value=\"\" type=\"text\" name=\"your-name\" \/><\/span> <\/label><br \/>\n<label style=\"color: #000;\"> Nachname*<br \/>\n<span class=\"wpcf7-form-control-wrap\" data-name=\"your-surname\"><input size=\"40\" maxlength=\"400\" class=\"wpcf7-form-control wpcf7-text wpcf7-validates-as-required\" aria-required=\"true\" aria-invalid=\"false\" value=\"\" type=\"text\" name=\"your-surname\" \/><\/span> <\/label><br \/>\n<label style=\"color: #000;\"> Ihr Geburtsdatum*<br \/>\n<span class=\"wpcf7-form-control-wrap\" data-name=\"your-data-di-nascita\"><input size=\"40\" maxlength=\"400\" class=\"wpcf7-form-control wpcf7-text wpcf7-validates-as-required\" aria-required=\"true\" aria-invalid=\"false\" placeholder=\"\" value=\"\" type=\"text\" name=\"your-data-di-nascita\" \/><\/span><\/label><br \/>\n<label style=\"color: #000;\"> Adresse*<br \/>\n<span class=\"wpcf7-form-control-wrap\" data-name=\"your-street\"><input size=\"40\" maxlength=\"400\" class=\"wpcf7-form-control wpcf7-text wpcf7-validates-as-required\" aria-required=\"true\" aria-invalid=\"false\" value=\"\" type=\"text\" name=\"your-street\" \/><\/span> <\/label><br \/>\n<label style=\"color: #000;\"> Postleitzahl\/Stadt*<br \/>\n<span class=\"wpcf7-form-control-wrap\" data-name=\"your-city\"><input size=\"40\" maxlength=\"400\" class=\"wpcf7-form-control wpcf7-text wpcf7-validates-as-required\" aria-required=\"true\" aria-invalid=\"false\" value=\"\" type=\"text\" name=\"your-city\" \/><\/span> <\/label><br \/>\n<label style=\"color: #000;\"> Staat*<br \/>\n<span class=\"wpcf7-form-control-wrap\" data-name=\"your-country\"><select class=\"wpcf7-form-control wpcf7-select wpcf7-validates-as-required\" aria-required=\"true\" aria-invalid=\"false\" name=\"your-country\"><option value=\"Schweiz\">Schweiz<\/option><option value=\"Italien\">Italien<\/option><option value=\"Deutschland\">Deutschland<\/option><option value=\"Frankreich\">Frankreich<\/option><option value=\"Liechtenstein\">Liechtenstein<\/option><option value=\"England\">England<\/option><option value=\"USA\">USA<\/option><\/select><\/span><\/label><br \/>\n<label style=\"color: #000;\"> Telefon*<br \/>\n<span class=\"wpcf7-form-control-wrap\" data-name=\"your-phone\"><input size=\"40\" maxlength=\"400\" class=\"wpcf7-form-control wpcf7-tel wpcf7-validates-as-required wpcf7-text wpcf7-validates-as-tel\" aria-required=\"true\" aria-invalid=\"false\" placeholder=\"Geben Sie die Telefonnummer in folgendem Format ein: +41 078 888 88 88\" value=\"\" type=\"tel\" name=\"your-phone\" \/><\/span> <\/label><br \/>\n<label style=\"color: #000;\"> Email*<br \/>\n<span class=\"wpcf7-form-control-wrap\" data-name=\"your-email\"><input size=\"40\" maxlength=\"400\" class=\"wpcf7-form-control wpcf7-email wpcf7-validates-as-required wpcf7-text wpcf7-validates-as-email\" aria-required=\"true\" aria-invalid=\"false\" value=\"\" type=\"email\" name=\"your-email\" \/><\/span> <\/label>\n<\/p>\n<div align=\"center\">\n\t<div style=\"width: 30%; background: #000; height: 1px; margin-top: 30px; margin-bottom: 10px;\">\n\t<\/div>\n\t<H2 style=\"color: #e30513;\">TYPE HIER TECHNISCHE DATEN DER GER\u00c4TE\n\t<\/h2>\n<\/div>\n<p><label style=\"color: #000;\"> Tipologie*<br \/>\n<span class=\"wpcf7-form-control-wrap\" data-name=\"your-device\"><select class=\"wpcf7-form-control wpcf7-select wpcf7-validates-as-required\" aria-required=\"true\" aria-invalid=\"false\" name=\"your-device\"><option value=\"\">&#8212;Seleziona un&#039;opzione&#8212;<\/option><option value=\"Smartphone\">Smartphone<\/option><option value=\"Tablet\">Tablet<\/option><option value=\"Music player\">Music player<\/option><option value=\"Sehen\">Sehen<\/option><\/select><\/span><\/label><br \/>\n<label style=\"color: #000;\"> Marke*<br \/>\n<span class=\"wpcf7-form-control-wrap\" data-name=\"your-brand\"><select class=\"wpcf7-form-control wpcf7-select wpcf7-validates-as-required\" aria-required=\"true\" aria-invalid=\"false\" name=\"your-brand\"><option value=\"\">&#8212;Seleziona un&#039;opzione&#8212;<\/option><option value=\"Apple\">Apple<\/option><option value=\"Samsung\">Samsung<\/option><option value=\"HTC\">HTC<\/option><option value=\"Nokia\">Nokia<\/option><option value=\"Wiko\">Wiko<\/option><option value=\"Huawei\">Huawei<\/option><option value=\"LG\">LG<\/option><option value=\"Sony\">Sony<\/option><option value=\"Lenovo\">Lenovo<\/option><option value=\"Mehr\">Mehr<\/option><\/select><\/span><\/label><br \/>\n<label style=\"color: #000;\"> Models*<br \/>\n<span class=\"wpcf7-form-control-wrap\" data-name=\"your-model\"><input size=\"40\" maxlength=\"400\" class=\"wpcf7-form-control wpcf7-text wpcf7-validates-as-required\" aria-required=\"true\" aria-invalid=\"false\" placeholder=\"z.B. iPhone 8 Plus, Galaxy S9, Nokia 5.1, usw...\" value=\"\" type=\"text\" name=\"your-model\" \/><\/span> <\/label><br \/>\n<label style=\"color: #000;\"> Wenn festgelegt, wird der Entsperrcode Ihres Ger\u00e4ts angezeigt<br \/>\n<span class=\"wpcf7-form-control-wrap\" data-name=\"your-codice-di-sblocco\"><input size=\"40\" maxlength=\"400\" class=\"wpcf7-form-control wpcf7-text\" aria-invalid=\"false\" value=\"\" type=\"text\" name=\"your-codice-di-sblocco\" \/><\/span> <\/label><br \/>\n<label style=\"color: #000;\"> Geben Sie den IMEI-Code (iPhone) oder die Seriennummer Ihres Ger\u00e4ts (Tablet) an.<br \/>\n<span class=\"wpcf7-form-control-wrap\" data-name=\"your-imei-numero-serie\"><input size=\"40\" maxlength=\"400\" class=\"wpcf7-form-control wpcf7-text\" aria-invalid=\"false\" value=\"\" type=\"text\" name=\"your-imei-numero-serie\" \/><\/span> <\/label><br \/>\n<label style=\"color: #000;\"> Geben Sie hier die Reparatur ein, die Sie ben\u00f6tigen*<br \/>\n<span class=\"wpcf7-form-control-wrap\" data-name=\"your-processing\"><select class=\"wpcf7-form-control wpcf7-select wpcf7-validates-as-required\" aria-required=\"true\" aria-invalid=\"false\" name=\"your-processing\"><option value=\"\">&#8212;Seleziona un&#039;opzione&#8212;<\/option><option value=\"Diagnose\">Diagnose<\/option><option value=\"Reparatur\">Reparatur<\/option><option value=\"Diagnose + Reparatur\">Diagnose + Reparatur<\/option><\/select><\/span><\/label><br \/>\n<label style=\"color: #000;\"> M\u00fcssen Sie nur den Touchscreen Ihres Ger\u00e4ts austauschen?*<br \/>\n<span class=\"wpcf7-form-control-wrap\" data-name=\"your-glass\"><select class=\"wpcf7-form-control wpcf7-select wpcf7-validates-as-required\" aria-required=\"true\" aria-invalid=\"false\" name=\"your-glass\"><option value=\"\">&#8212;Seleziona un&#039;opzione&#8212;<\/option><option value=\"Ja\">Ja<\/option><option value=\"Nein\">Nein<\/option><\/select><\/span><\/label><br \/>\n<label style=\"color: #000;\"> Soll das Schutzglas auf Ihrem Ger\u00e4t angebracht werden?*<br \/>\n<span class=\"wpcf7-form-control-wrap\" data-name=\"your-screen-protector\"><select class=\"wpcf7-form-control wpcf7-select wpcf7-validates-as-required\" aria-required=\"true\" aria-invalid=\"false\" name=\"your-screen-protector\"><option value=\"\">&#8212;Seleziona un&#039;opzione&#8212;<\/option><option value=\"Ja\">Ja<\/option><option value=\"Nein\">Nein<\/option><\/select><\/span><\/label><br \/>\n<label style=\"color: #000;\"> M\u00f6chten Sie eine Sicherungskopie Ihres Ger\u00e4ts erstellen?*<br \/>\n<span class=\"wpcf7-form-control-wrap\" data-name=\"Your-Backup\"><select class=\"wpcf7-form-control wpcf7-select wpcf7-validates-as-required\" aria-required=\"true\" aria-invalid=\"false\" name=\"Your-Backup\"><option value=\"\">&#8212;Seleziona un&#039;opzione&#8212;<\/option><option value=\"Ja\">Ja<\/option><option value=\"Nein\">Nein<\/option><\/select><\/span><\/label><br \/>\n<label style=\"color: #000;\"> Beschreiben Sie Ihr Problem*<br \/>\n<span class=\"wpcf7-form-control-wrap\" data-name=\"your-problem\"><textarea cols=\"40\" rows=\"10\" maxlength=\"2000\" class=\"wpcf7-form-control wpcf7-textarea wpcf7-validates-as-required\" aria-required=\"true\" aria-invalid=\"false\" name=\"your-problem\"><\/textarea><\/span><\/label><br \/>\n<label style=\"color: #000;\"><span class=\"wpcf7-form-control-wrap\" data-name=\"accettazione\"><span class=\"wpcf7-form-control wpcf7-acceptance\"><span class=\"wpcf7-list-item\"><input type=\"checkbox\" name=\"accettazione\" value=\"1\" aria-invalid=\"false\" \/><\/span><\/span><\/span> Ich best\u00e4tige, dass ich die Garantien f\u00fcr mein neues oder \u00fcberholtes Hardware- \/ Softwareprodukt des Herstellers und \/ oder H\u00e4ndlers gelesen und verstanden habe, bevor ich mit der Reparatur fortfahre.<\/label><br \/>\n<label style=\"color: #000;\"><span class=\"wpcf7-form-control-wrap\" data-name=\"documento\"><span class=\"wpcf7-form-control wpcf7-acceptance\"><span class=\"wpcf7-list-item\"><input type=\"checkbox\" name=\"documento\" value=\"1\" aria-invalid=\"false\" \/><\/span><\/span><\/span> Ich best\u00e4tige, dass ich gelesen, verstanden und akzeptiert habe, dass ein g\u00fcltiger Ausweis zur Abholung des Ger\u00e4ts erforderlich ist<\/label><span style=\"margin-top:30px;\"><\/span><br \/>\n<label style=\"color: #000;\">Diese Website ist durch reCAPTCHA und die <a href=\"https:\/\/policies.google.com\/privacy\">Datenschutzbestimmungen <\/a> sowie die<a href=\"https:\/\/policies.google.com\/terms\">Nutzungsbedingungen von Google<\/a>.<\/label>\n<\/p>\n<p><input class=\"wpcf7-form-control wpcf7-submit has-spinner\" type=\"submit\" value=\"Sender\" \/>\n<\/p><div class=\"wpcf7-response-output\" aria-hidden=\"true\"><\/div>\n<\/form>\n<\/div>\n[\/vc_tta_section][vc_tta_section i_icon_fontawesome=&#8221;fa fa-user-circle-o&#8221; add_icon=&#8221;true&#8221; title=&#8221;Neuer Kunde&#8221; tab_id=&#8221;1523865360058-0bfcc708-f52e&#8221;][vc_column_text]\n<div class=\"wpml-ls-statics-footer wpml-ls wpml-ls-legacy-list-horizontal\">\n\t<ul><li class=\"wpml-ls-slot-footer wpml-ls-item wpml-ls-item-it wpml-ls-first-item wpml-ls-item-legacy-list-horizontal\">\n\t\t\t\t<a href=\"https:\/\/www.tafaro.ch\/\" class=\"wpml-ls-link\">\n                                                        <img decoding=\"async\"\n            class=\"wpml-ls-flag lazyload\"\n            data-src=\"https:\/\/www.tafaro.ch\/wp-content\/plugins\/sitepress-multilingual-cms\/res\/flags\/it.png\"\n            alt=\"\"\n            width=18\n            height=12\n src=\"data:image\/svg+xml;base64,PHN2ZyB3aWR0aD0iMSIgaGVpZ2h0PSIxIiB4bWxucz0iaHR0cDovL3d3dy53My5vcmcvMjAwMC9zdmciPjwvc3ZnPg==\" \/><span class=\"wpml-ls-native\" lang=\"it\">IT<\/span><\/a>\n\t\t\t<\/li><li class=\"wpml-ls-slot-footer wpml-ls-item wpml-ls-item-de wpml-ls-current-language wpml-ls-last-item wpml-ls-item-legacy-list-horizontal\">\n\t\t\t\t<a href=\"https:\/\/www.tafaro.ch\/de\/\" class=\"wpml-ls-link\">\n                                                        <img decoding=\"async\"\n            class=\"wpml-ls-flag lazyload\"\n            data-src=\"https:\/\/www.tafaro.ch\/wp-content\/plugins\/sitepress-multilingual-cms\/res\/flags\/de.png\"\n            alt=\"\"\n            width=18\n            height=12\n src=\"data:image\/svg+xml;base64,PHN2ZyB3aWR0aD0iMSIgaGVpZ2h0PSIxIiB4bWxucz0iaHR0cDovL3d3dy53My5vcmcvMjAwMC9zdmciPjwvc3ZnPg==\" \/><span class=\"wpml-ls-native\">DE<\/span><\/a>\n\t\t\t<\/li><\/ul>\n<\/div>\n[\/vc_column_text]\n<div class=\"wpcf7 no-js\" id=\"wpcf7-f6696-o2\" lang=\"it-IT\" dir=\"ltr\" data-wpcf7-id=\"6696\">\n<div class=\"screen-reader-response\"><p role=\"status\" aria-live=\"polite\" aria-atomic=\"true\"><\/p> <ul><\/ul><\/div>\n<form action=\"\/de\/wp-json\/wp\/v2\/pages\/6699#wpcf7-f6696-o2\" method=\"post\" class=\"wpcf7-form init\" aria-label=\"Modulo di contatto\" novalidate=\"novalidate\" data-status=\"init\">\n<fieldset class=\"hidden-fields-container\"><input type=\"hidden\" name=\"_wpcf7\" value=\"6696\" \/><input type=\"hidden\" name=\"_wpcf7_version\" value=\"6.1\" \/><input type=\"hidden\" name=\"_wpcf7_locale\" value=\"it_IT\" \/><input type=\"hidden\" name=\"_wpcf7_unit_tag\" value=\"wpcf7-f6696-o2\" \/><input type=\"hidden\" name=\"_wpcf7_container_post\" value=\"0\" \/><input type=\"hidden\" name=\"_wpcf7_posted_data_hash\" value=\"\" \/><input type=\"hidden\" name=\"_wpcf7_recaptcha_response\" value=\"\" \/>\n<\/fieldset>\n<p><label style=\"color: #000;\"> Name*<br \/>\n<span class=\"wpcf7-form-control-wrap\" data-name=\"your-name\"><input size=\"40\" maxlength=\"400\" class=\"wpcf7-form-control wpcf7-text wpcf7-validates-as-required\" aria-required=\"true\" aria-invalid=\"false\" value=\"\" type=\"text\" name=\"your-name\" \/><\/span> <\/label><br \/>\n<label style=\"color: #000;\"> Nachname*<br \/>\n<span class=\"wpcf7-form-control-wrap\" data-name=\"your-surname\"><input size=\"40\" maxlength=\"400\" class=\"wpcf7-form-control wpcf7-text wpcf7-validates-as-required\" aria-required=\"true\" aria-invalid=\"false\" value=\"\" type=\"text\" name=\"your-surname\" \/><\/span> <\/label><br \/>\n<label style=\"color: #000;\"> Adresse*<br \/>\n<span class=\"wpcf7-form-control-wrap\" data-name=\"your-street\"><input size=\"40\" maxlength=\"400\" class=\"wpcf7-form-control wpcf7-text wpcf7-validates-as-required\" aria-required=\"true\" aria-invalid=\"false\" value=\"\" type=\"text\" name=\"your-street\" \/><\/span> <\/label><br \/>\n<label style=\"color: #000;\"> Postleitzahl\/Stadt*<br \/>\n<span class=\"wpcf7-form-control-wrap\" data-name=\"your-city\"><input size=\"40\" maxlength=\"400\" class=\"wpcf7-form-control wpcf7-text wpcf7-validates-as-required\" aria-required=\"true\" aria-invalid=\"false\" value=\"\" type=\"text\" name=\"your-city\" \/><\/span> <\/label><br \/>\n<label style=\"color: #000;\"> Staat*<br \/>\n<span class=\"wpcf7-form-control-wrap\" data-name=\"your-country\"><select class=\"wpcf7-form-control wpcf7-select wpcf7-validates-as-required\" aria-required=\"true\" aria-invalid=\"false\" name=\"your-country\"><option value=\"\">&#8212;Seleziona un&#039;opzione&#8212;<\/option><option value=\"Schweiz\">Schweiz<\/option><option value=\"Italien\">Italien<\/option><option value=\"Deutschland\">Deutschland<\/option><option value=\"Frankreich\">Frankreich<\/option><option value=\"England\">England<\/option><option value=\"USA\">USA<\/option><\/select><\/span><\/label><br \/>\n<label style=\"color: #000;\"> Telefon*<br \/>\n<span class=\"wpcf7-form-control-wrap\" data-name=\"your-phone\"><input size=\"40\" maxlength=\"400\" class=\"wpcf7-form-control wpcf7-tel wpcf7-validates-as-required wpcf7-text wpcf7-validates-as-tel\" aria-required=\"true\" aria-invalid=\"false\" value=\"\" type=\"tel\" name=\"your-phone\" \/><\/span><\/label><br \/>\n<label style=\"color: #000;\"> Email*<br \/>\n<span class=\"wpcf7-form-control-wrap\" data-name=\"your-email\"><input size=\"40\" maxlength=\"400\" class=\"wpcf7-form-control wpcf7-email wpcf7-validates-as-required wpcf7-text wpcf7-validates-as-email\" aria-required=\"true\" aria-invalid=\"false\" value=\"\" type=\"email\" name=\"your-email\" \/><\/span> <\/label><br \/>\n<label style=\"color: #000;\">Diese Website ist durch reCAPTCHA und die <a href=\"https:\/\/policies.google.com\/privacy\">Datenschutzbestimmungen <\/a> sowie die<a href=\"https:\/\/policies.google.com\/terms\">Nutzungsbedingungen von Google<\/a>.<\/label><br \/>\n<input class=\"wpcf7-form-control wpcf7-submit has-spinner\" type=\"submit\" value=\"Senden\" \/>\n<\/p><div class=\"wpcf7-response-output\" aria-hidden=\"true\"><\/div>\n<\/form>\n<\/div>\n[\/vc_tta_section][\/vc_tta_tabs][\/vc_column][\/vc_row]<\/p>\n<\/div>","protected":false},"excerpt":{"rendered":"<p>[vc_row][vc_column][vc_tta_tabs][vc_tta_section i_icon_fontawesome=&#8221;fa fa-wrench&#8221; add_icon=&#8221;true&#8221; title=&#8221;Neue Reparatur&#8221; tab_id=&#8221;1523865360059-53d6c279-fae3&#8243;][vc_column_text] [\/vc_column_text][\/vc_tta_section][vc_tta_section i_icon_fontawesome=&#8221;fa fa-user-circle-o&#8221; add_icon=&#8221;true&#8221; title=&#8221;Neuer Kunde&#8221; tab_id=&#8221;1523865360058-0bfcc708-f52e&#8221;][vc_column_text][\/vc_column_text][\/vc_tta_section][\/vc_tta_tabs][\/vc_column][\/vc_row]<\/p>\n","protected":false},"author":12,"featured_media":0,"parent":0,"menu_order":0,"comment_status":"closed","ping_status":"closed","template":"","meta":{"_joinchat":[],"footnotes":""},"class_list":["post-6699","page","type-page","status-publish","hentry"],"_links":{"self":[{"href":"https:\/\/www.tafaro.ch\/de\/wp-json\/wp\/v2\/pages\/6699","targetHints":{"allow":["GET"]}}],"collection":[{"href":"https:\/\/www.tafaro.ch\/de\/wp-json\/wp\/v2\/pages"}],"about":[{"href":"https:\/\/www.tafaro.ch\/de\/wp-json\/wp\/v2\/types\/page"}],"author":[{"embeddable":true,"href":"https:\/\/www.tafaro.ch\/de\/wp-json\/wp\/v2\/users\/12"}],"replies":[{"embeddable":true,"href":"https:\/\/www.tafaro.ch\/de\/wp-json\/wp\/v2\/comments?post=6699"}],"version-history":[{"count":0,"href":"https:\/\/www.tafaro.ch\/de\/wp-json\/wp\/v2\/pages\/6699\/revisions"}],"wp:attachment":[{"href":"https:\/\/www.tafaro.ch\/de\/wp-json\/wp\/v2\/media?parent=6699"}],"curies":[{"name":"wp","href":"https:\/\/api.w.org\/{rel}","templated":true}]}}